{"id":28711,"date":"2025-12-15T17:24:43","date_gmt":"2025-12-15T13:24:43","guid":{"rendered":"https:\/\/mtc.ae\/ar\/?post_type=product&#038;p=28711"},"modified":"2026-03-04T23:23:27","modified_gmt":"2026-03-04T19:23:27","slug":"helix-one-fast-digital-cylinder-printer-and-machines","status":"publish","type":"product","link":"https:\/\/mtc.ae\/ar\/product\/helix-one-fast-digital-cylinder-printer-and-machines\/","title":{"rendered":"\u0645\u0627\u0643\u064a\u0646\u0629 \u0637\u0628\u0627\u0639\u0629 \u0623\u0633\u0637\u0648\u0627\u0646\u064a\u0629 HELIX \u0648\u0622\u0644\u0629 \u0637\u0628\u0627\u0639\u0629 \u0631\u0642\u0645\u064a\u0629 \u0633\u0631\u064a\u0639\u0629 \u0644\u0644\u0623\u0633\u0637\u0648\u0627\u0646\u0627\u062a"},"content":{"rendered":"<h2 data-start=\"0\" data-end=\"64\">\u0645\u0627\u0643\u064a\u0646\u0629 \u0637\u0628\u0627\u0639\u0629 \u0623\u0633\u0637\u0648\u0627\u0646\u064a\u0629 HELIX \u0648\u0622\u0644\u0629 \u0637\u0628\u0627\u0639\u0629 \u0631\u0642\u0645\u064a\u0629 \u0633\u0631\u064a\u0639\u0629 \u0644\u0644\u0623\u0633\u0637\u0648\u0627\u0646\u0627\u062a<\/h2>\n<p data-start=\"66\" data-end=\"353\">\u062a\u064f\u0639\u062f <strong data-start=\"71\" data-end=\"84\">Helix ONE<\/strong> \u0645\u0627\u0643\u064a\u0646\u0629 \u0637\u0628\u0627\u0639\u0629 \u0631\u0642\u0645\u064a\u0629 \u0633\u0631\u064a\u0639\u0629 \u0644\u0644\u0623\u0633\u0637\u062d \u0627\u0644\u0623\u0633\u0637\u0648\u0627\u0646\u064a\u0629\u060c \u0648\u0645\u0646\u0627\u0633\u0628\u0629 \u0644\u0637\u0628\u0627\u0639\u0629 <strong data-start=\"144\" data-end=\"168\">\u0627\u0644\u0632\u062c\u0627\u062c\u0627\u062a \u0627\u0644\u0628\u0644\u0627\u0633\u062a\u064a\u0643\u064a\u0629<\/strong> \u0648<strong data-start=\"170\" data-end=\"207\">\u0627\u0644\u0623\u0643\u0648\u0627\u0628 \u0627\u0644\u062d\u0631\u0627\u0631\u064a\u0629 \u0645\u0646 \u0627\u0644\u0633\u062a\u0627\u0646\u0644\u0633 \u0633\u062a\u064a\u0644<\/strong> \u0648<strong data-start=\"209\" data-end=\"226\">\u062d\u0627\u0645\u0644\u0627\u062a \u0627\u0644\u0634\u0645\u0648\u0639<\/strong> \u0648\u063a\u064a\u0631\u0647\u0627 \u0645\u0646 \u0627\u0644\u0645\u0646\u062a\u062c\u0627\u062a \u0627\u0644\u0623\u0633\u0637\u0648\u0627\u0646\u064a\u0629. \u0648\u062a\u0645\u062a\u0644\u0643 \u0645\u064a\u0632\u0629 \u0641\u0631\u064a\u062f\u0629 \u062a\u062a\u064a\u062d \u0637\u0628\u0627\u0639\u0629 <strong data-start=\"287\" data-end=\"297\">\u0627\u0644\u0623\u0628\u064a\u0636<\/strong> \u0648<strong data-start=\"299\" data-end=\"307\">CMYK<\/strong> \u0648<strong data-start=\"309\" data-end=\"320\">\u0627\u0644\u0648\u0631\u0646\u064a\u0634<\/strong> \u0645\u0639\u0627\u064b \u0628\u0641\u0636\u0644 <strong data-start=\"331\" data-end=\"352\">\u0645\u0635\u0628\u0627\u062d UV \u0627\u0644\u0645\u064f\u0642\u0633\u0651\u0645<\/strong>.<\/p>\n<hr data-start=\"355\" data-end=\"399\" \/>\n<h3 data-start=\"401\" data-end=\"439\">\u0645\u0648\u0627\u0635\u0641\u0627\u062a \u0637\u0627\u0628\u0639\u0629 \u0627\u0644\u0623\u0633\u0637\u0648\u0627\u0646\u0627\u062a Helix ONE<\/h3>\n<ul data-start=\"440\" data-end=\"1096\">\n<li data-start=\"440\" data-end=\"506\">\n<p data-start=\"442\" data-end=\"506\"><strong data-start=\"442\" data-end=\"454\">\u062d\u062c\u0645 \u0645\u062f\u0645\u062c<\/strong> | <strong data-start=\"457\" data-end=\"475\">\u062a\u0643\u0648\u064a\u0646 \u0627\u0644\u0623\u062d\u0628\u0627\u0631:<\/strong> CMYKWV | <strong data-start=\"485\" data-end=\"496\">\u0627\u0644\u0637\u0627\u0642\u0629:<\/strong> 220 VAC<\/p>\n<\/li>\n<li data-start=\"507\" data-end=\"575\">\n<p data-start=\"509\" data-end=\"575\">\u0627\u0644\u0637\u0628\u0627\u0639\u0629 \u0639\u0644\u0649 <strong data-start=\"521\" data-end=\"548\">\u0623\u0633\u0637\u0648\u0627\u0646\u0627\u062a \u0628\u062c\u062f\u0631\u0627\u0646 \u0645\u0633\u062a\u0642\u064a\u0645\u0629<\/strong> \u0623\u0648 <strong data-start=\"552\" data-end=\"573\">\u0645\u062e\u0631\u0648\u0637\u064a\u0629 (Tapered)<\/strong><\/p>\n<\/li>\n<li data-start=\"576\" data-end=\"643\">\n<p data-start=\"578\" data-end=\"643\">\u062a\u0634\u063a\u064a\u0644 <strong data-start=\"584\" data-end=\"593\">\u0628\u0645\u062d\u0631\u0643<\/strong> \u0645\u0639 <strong data-start=\"597\" data-end=\"641\">\u062a\u062c\u0647\u064a\u0632 \u062a\u062b\u0628\u064a\u062a \u0623\u0648\u062a\u0648\u0645\u0627\u062a\u064a\u0643\u064a \u0643\u0627\u0645\u0644 \u0642\u0627\u0628\u0644 \u0644\u0644\u0628\u0631\u0645\u062c\u0629<\/strong><\/p>\n<\/li>\n<li data-start=\"644\" data-end=\"727\">\n<p data-start=\"646\" data-end=\"727\"><strong data-start=\"646\" data-end=\"661\">\u0637\u0648\u0644 \u0627\u0644\u0642\u0637\u0639\u0629:<\/strong> 2&#8243; \u2013 12&#8243; (51\u2013305 \u0645\u0645) | <strong data-start=\"685\" data-end=\"700\">\u0642\u0637\u0631 \u0627\u0644\u0642\u0637\u0639\u0629:<\/strong> 1.77&#8243; \u2013 4.7&#8243; (45\u2013120 \u0645\u0645)<\/p>\n<\/li>\n<li data-start=\"728\" data-end=\"794\">\n<p data-start=\"730\" data-end=\"794\"><strong data-start=\"730\" data-end=\"750\">\u0623\u0642\u0635\u0649 \u0637\u0648\u0644 \u0644\u0644\u0635\u0648\u0631\u0629:<\/strong> 8.6&#8243; (220 \u0645\u0645) | <strong data-start=\"767\" data-end=\"790\">\u0623\u0642\u0635\u0649 \u0632\u0627\u0648\u064a\u0629 \u0645\u062e\u0631\u0648\u0637\u064a\u0629:<\/strong> 7<\/p>\n<\/li>\n<li data-start=\"795\" data-end=\"824\">\n<p data-start=\"797\" data-end=\"824\"><strong data-start=\"797\" data-end=\"807\">\u0627\u0644\u062f\u0642\u0629:<\/strong> 600 \u00d7 1200 dpi<\/p>\n<\/li>\n<li data-start=\"825\" data-end=\"912\">\n<p data-start=\"827\" data-end=\"912\"><strong data-start=\"827\" data-end=\"866\">\u0627\u0644\u0623\u0628\u0639\u0627\u062f (\u0627\u0644\u0637\u0648\u0644 \u00d7 \u0627\u0644\u0639\u0631\u0636 \u00d7 \u0627\u0644\u0627\u0631\u062a\u0641\u0627\u0639):<\/strong> 48.3&#8243; \u00d7 32.5&#8243; \u00d7 37.4&#8243; (1227 \u00d7 825 \u00d7 950 \u0645\u0645)<\/p>\n<\/li>\n<li data-start=\"913\" data-end=\"954\">\n<p data-start=\"915\" data-end=\"954\"><strong data-start=\"915\" data-end=\"925\">\u0627\u0644\u0648\u0632\u0646:<\/strong> 295 \u0643\u062c\u0645 (\u0634\u0627\u0645\u0644 \u0637\u0627\u0648\u0644\u0629 \u0627\u0644\u0639\u0645\u0644)<\/p>\n<\/li>\n<li data-start=\"955\" data-end=\"1012\">\n<p data-start=\"957\" data-end=\"1012\"><strong data-start=\"957\" data-end=\"973\">\u0646\u0648\u0639 \u0627\u0644\u0645\u0635\u0628\u0627\u062d:<\/strong> LED \u0628\u0642\u062f\u0631\u0629 8W | <strong data-start=\"989\" data-end=\"1003\">\u0646\u0648\u0639 \u0627\u0644\u062d\u0628\u0631:<\/strong> UV LED<\/p>\n<\/li>\n<li data-start=\"1013\" data-end=\"1096\">\n<p data-start=\"1015\" data-end=\"1096\"><strong data-start=\"1015\" data-end=\"1028\">\u0641\u064a\u062f\u064a\u0648 HD:<\/strong> \u0645\u0627\u0643\u064a\u0646\u0629 \u0637\u0628\u0627\u0639\u0629 \u0627\u0644\u0623\u0633\u0637\u0648\u0627\u0646\u0627\u062a HELIX ONE | <strong data-start=\"1065\" data-end=\"1086\">\u0631\u0645\u0632 \u0627\u0644\u0645\u0646\u062a\u062c (SKU):<\/strong> HLX1-UV<\/p>\n<\/li>\n<\/ul>\n<hr data-start=\"1098\" data-end=\"1142\" \/>\n<h3 data-start=\"1144\" data-end=\"1194\">\u0644\u0627\u0633\u062a\u0626\u062c\u0627\u0631 \u0627\u0644\u0645\u0627\u0643\u064a\u0646\u0629 \u0648\u0644\u0645\u0632\u064a\u062f \u0645\u0646 \u0627\u0644\u062a\u0641\u0627\u0635\u064a\u0644: \u0627\u0636\u063a\u0637 \u0647\u0646\u0627<\/h3>\n<hr data-start=\"1196\" data-end=\"1240\" \/>\n<h3 data-start=\"1242\" data-end=\"1255\">\u0627\u0644\u062a\u0637\u0628\u064a\u0642\u0627\u062a<\/h3>\n<p data-start=\"1256\" data-end=\"1314\"><strong data-start=\"1256\" data-end=\"1314\">\u0623\u062f\u0648\u0627\u062a \u0627\u0644\u0634\u0631\u0628 \u0627\u0644\u0645\u0637\u0644\u064a\u0629 \u0628\u0627\u0644\u0628\u0648\u062f\u0631\u0629 (Powder Coated Drinkware)<\/strong><\/p>\n<p data-start=\"1316\" data-end=\"1403\" data-is-last-node=\"\" data-is-only-node=\"\">\u0633\u0644\u0633\u0644\u0629 <strong data-start=\"1322\" data-end=\"1328\">LV<\/strong> \u0645\u0646 <strong data-start=\"1332\" data-end=\"1345\">Helix ONE<\/strong> \u0645\u064f\u062d\u0633\u0651\u0646\u0629 \u0648\u0645\u0646\u0627\u0633\u0628\u0629 \u0644\u0644\u0637\u0628\u0627\u0639\u0629 \u0639\u0644\u0649 \u0623\u062f\u0648\u0627\u062a \u0627\u0644\u0634\u0631\u0628 \u0627\u0644\u0645\u0637\u0644\u064a\u0629 \u0628\u0627\u0644\u0628\u0648\u062f\u0631\u0629.<\/p>\n<p><strong><img loading=\"lazy\" decoding=\"async\" class=\"wp-image-49710 size-full alignnone\" title=\"Powder Coated Drinkware Imprint by Helix ONE Cylinder Printer\" src=\"https:\/\/mtc.ae\/wp-content\/uploads\/2023\/07\/Helix-ONE-Power-Coat-Drinkware.jpg\" alt=\"Powder Coated Drinkware Imprint by Helix ONE Cylinder Printer\" width=\"567\" height=\"300\" \/><\/strong><\/p>\n<h2>\u0643\u0624\u0648\u0633 \u062e\u0644\u0637<\/h2>\n<p>\u062a\u0645\u062a \u0637\u0628\u0627\u0639\u0629 \u0647\u0630\u0647 \u0627\u0644\u0643\u0624\u0648\u0633 \u0631\u0642\u0645\u064a\u0627\u064b \u0628\u0627\u0633\u062a\u062e\u062f\u0627\u0645 \u062c\u0647\u0627\u0632 <strong>Helix<\/strong>. \u064a\u062a\u0645\u064a\u0632 \u0627\u0644\u0639\u0645\u0644 \u0627\u0644\u0641\u0646\u064a \u0628\u0637\u0628\u0627\u0639\u0629 \u0643\u0627\u0645\u0644\u0629 \u0627\u0644\u0627\u0644\u062a\u0641\u0627\u0641 <strong>360 \u062f\u0631\u062c\u0629<\/strong> \u062a\u063a\u0637\u064a \u0627\u0644\u0643\u0623\u0633 \u0628\u0627\u0644\u0643\u0627\u0645\u0644\u060c \u0645\u0645\u0627 \u064a\u0632\u064a\u0644 \u0623\u064a \u062e\u0637 \u0648\u0635\u0644 \u0623\u0648 \u062d\u0627\u0641\u0629 \u0638\u0627\u0647\u0631\u0629.<\/p>\n<p>\u0648\u0625\u0630\u0627 \u0646\u0638\u0631\u062a \u062f\u0627\u062e\u0644 \u0643\u0623\u0633 \u0627\u0644\u062e\u0644\u0637\u060c \u0633\u062a\u0644\u0627\u062d\u0638 \u0623\u0646\u0647 \u0628\u062f\u0644\u0627\u064b \u0645\u0646 \u0638\u0647\u0648\u0631 \u0627\u0644\u0644\u0648\u0646 \u0627\u0644\u0623\u0628\u064a\u0636\u060c \u062a\u0638\u0647\u0631 <strong>\u0627\u0644\u0635\u0648\u0631\u0629 \u0646\u0641\u0633\u0647\u0627 \u0628\u0627\u0644\u0623\u0644\u0648\u0627\u0646 \u0627\u0644\u0643\u0627\u0645\u0644\u0629<\/strong>. \u062a\u064f\u0633\u0645\u0651\u0649 \u0647\u0630\u0647 \u0627\u0644\u0639\u0645\u0644\u064a\u0629 <strong>\u0627\u0644\u0637\u0628\u0627\u0639\u0629 \u0627\u0644\u0645\u0631\u0622\u0648\u064a\u0629 (Mirror Print)<\/strong>.<\/p>\n<h3><strong><img loading=\"lazy\" decoding=\"async\" class=\"wp-image-49711 size-full alignnone\" title=\"Mixing Glasses Imprint by Helix ONE Cylinder Printer\" src=\"https:\/\/mtc.ae\/wp-content\/uploads\/2023\/07\/Applications-Drinkware-2.jpg\" alt=\"Mixing Glasses Imprint by Helix ONE Cylinder Printer\" width=\"567\" height=\"360\" \/><\/strong><\/h3>\n<h2>\u0623\u0643\u0648\u0627\u0628 \u0644\u0644\u0627\u0633\u062a\u062e\u062f\u0627\u0645 \u0644\u0645\u0631\u0629 \u0648\u0627\u062d\u062f\u0629<\/h2>\n<p>\u062a\u064f\u0639\u062f \u0627\u0644\u0623\u0643\u0648\u0627\u0628 \u0627\u0644\u0628\u0644\u0627\u0633\u062a\u064a\u0643\u064a\u0629 \u0623\u062d\u0627\u062f\u064a\u0629 \u0627\u0644\u0627\u0633\u062a\u062e\u062f\u0627\u0645 \u0627\u0644\u0645\u0637\u0628\u0648\u0639\u0629 \u0645\u0646\u0627\u0633\u0628\u0629 \u0644\u0643\u0644\u064d \u0645\u0646 <strong>\u0627\u0644\u0637\u0628\u0627\u0639\u0629 \u0628\u0627\u0644\u0648\u0633\u0627\u062f\u0629 (Pad Printing)<\/strong> \u0648<strong>\u0627\u0644\u0637\u0628\u0627\u0639\u0629 \u0628\u0627\u0644\u062d\u0628\u0631 \u0627\u0644\u0646\u0627\u0641\u062b (Inkjet Printing)<\/strong>. \u0644\u0627 \u062a\u0633\u062a\u063a\u0631\u0642 \u0637\u0628\u0627\u0639\u0629 \u0647\u0630\u0647 \u0627\u0644\u0623\u0643\u0648\u0627\u0628 \u0633\u0648\u0649 \u062b\u0648\u0627\u0646\u064d \u0645\u0639\u062f\u0648\u062f\u0629\u060c \u0643\u0645\u0627 \u064a\u0645\u0643\u0646 \u062a\u0643\u062f\u064a\u0633\u0647\u0627 \u0641\u0648\u0631\u0627\u064b \u0628\u0639\u062f \u0627\u0644\u0637\u0628\u0627\u0639\u0629.<\/p>\n<h2><strong><img loading=\"lazy\" decoding=\"async\" class=\"wp-image-49714 size-full alignnone\" title=\"Disposable Cups Imprint by Helix ONE Cylinder Printer\" src=\"https:\/\/mtc.ae\/wp-content\/uploads\/2023\/07\/applications-drinkware-3.jpg\" alt=\"Disposable Cups Imprint by Helix ONE Cylinder Printer\" width=\"567\" height=\"360\" \/><\/strong><\/h2>\n<h2>\u0623\u0643\u0648\u0627\u0628 \u0628\u0644\u0627\u0633\u062a\u064a\u0643\u064a\u0629<\/h2>\n<p>\u0627\u0637\u0628\u0639 \u0623\u0644\u0648\u0627\u0646 <strong>CMYKW<\/strong> \u0643\u0627\u0645\u0644\u0629 \u0645\u0639 <strong>\u0627\u0644\u0648\u0631\u0646\u064a\u0634 (V)<\/strong> \u0639\u0644\u0649 \u0645\u062c\u0645\u0648\u0639\u0629 \u0645\u062a\u0646\u0648\u0639\u0629 \u0645\u0646 \u0627\u0644\u0623\u0643\u0648\u0627\u0628 \u0627\u0644\u0628\u0644\u0627\u0633\u062a\u064a\u0643\u064a\u0629\u060c \u0628\u0645\u0627 \u0641\u064a \u0630\u0644\u0643 <strong>\u0627\u0644\u0623\u0643\u0631\u064a\u0644\u064a\u0643<\/strong>.<\/p>\n<h2><strong><img loading=\"lazy\" decoding=\"async\" class=\"wp-image-49718 size-full alignnone\" title=\"Plastic Cups Imprint by Helix ONE Cylinder Printer\" src=\"https:\/\/mtc.ae\/wp-content\/uploads\/2023\/07\/Helix-ONE-Plastic-Cups.jpg\" alt=\"Plastic Cups Imprint by Helix ONE Cylinder Printer\" width=\"567\" height=\"300\" \/><\/strong><\/h2>\n<h2 data-start=\"0\" data-end=\"20\">\u0643\u0623\u0633 \u0646\u0628\u064a\u0630 \u0628\u062f\u0648\u0646 \u0633\u0627\u0642<\/h2>\n<p data-start=\"22\" data-end=\"224\" data-is-last-node=\"\" data-is-only-node=\"\">\u0639\u0627\u062f\u0629\u064b \u0645\u0627 \u064a\u064f\u0634\u0643\u0651\u0644 \u0627\u0646\u062d\u0646\u0627\u0621 \u0643\u0623\u0633 \u0627\u0644\u0646\u0628\u064a\u0630 \u062a\u062d\u062f\u064a\u0627\u064b \u0644\u0645\u0639\u0638\u0645 \u0637\u0631\u0642 \u0627\u0644\u0637\u0628\u0627\u0639\u0629\u060c \u0644\u0643\u0646 \u0644\u064a\u0633 \u0645\u0639 \u0647\u0630\u0647 \u0627\u0644\u0637\u0627\u0628\u0639\u0629 \u0627\u0644\u0631\u0642\u0645\u064a\u0629. \u0625\u0630 \u062a\u0633\u062a\u0637\u064a\u0639 <strong data-start=\"124\" data-end=\"133\">Helix<\/strong> \u062a\u0646\u0641\u064a\u0630 \u0637\u0628\u0627\u0639\u0629 \u0643\u0627\u0645\u0644\u0629 \u0627\u0644\u0627\u0644\u062a\u0641\u0627\u0641 <strong data-start=\"161\" data-end=\"173\">360 \u062f\u0631\u062c\u0629<\/strong> \u0628\u0623\u0644\u0648\u0627\u0646 \u0643\u0627\u0645\u0644\u0629 \u062d\u0648\u0644 \u0647\u0630\u0647 \u0627\u0644\u0642\u0637\u0639 \u0627\u0644\u0645\u0645\u064a\u0632\u0629 \u0645\u0646 \u0623\u062f\u0648\u0627\u062a \u0627\u0644\u0634\u0631\u0628.<\/p>\n<h2><strong><img loading=\"lazy\" decoding=\"async\" class=\"wp-image-49712 size-full alignnone\" title=\"Stemless Wine Glass\" src=\"https:\/\/mtc.ae\/wp-content\/uploads\/2023\/07\/Applications-Drinkware_4.jpg\" alt=\"Stemless Wine Glass\" width=\"567\" height=\"360\" \/><\/strong><\/h2>\n<h2 data-start=\"0\" data-end=\"24\">\u0643\u0648\u0628 \u0633\u062a\u0627\u0646\u0644\u0633 \u0633\u062a\u064a\u0644 \u062d\u0631\u0627\u0631\u064a<\/h2>\n<p data-start=\"26\" data-end=\"250\">\u062a\u0648\u0641\u0651\u0631 <strong data-start=\"32\" data-end=\"45\">Helix ONE<\/strong> \u0627\u0644\u062a\u0635\u0627\u0642\u0627\u064b \u0645\u0645\u062a\u0627\u0632\u0627\u064b \u0648\u0645\u0642\u0627\u0648\u0645\u0629 \u0639\u0627\u0644\u064a\u0629 \u0644\u0644\u062e\u062f\u0634 \u0648\u0627\u0644\u062a\u0622\u0643\u0644 \u0639\u0646\u062f \u0627\u0644\u0637\u0628\u0627\u0639\u0629 \u0639\u0644\u0649 \u0627\u0644\u0623\u0643\u0648\u0627\u0628 \u0627\u0644\u062d\u0631\u0627\u0631\u064a\u0629 \u0627\u0644\u0645\u0635\u0646\u0648\u0639\u0629 \u0645\u0646 \u0627\u0644\u0633\u062a\u0627\u0646\u0644\u0633 \u0633\u062a\u064a\u0644\u060c \u0648\u0623\u0643\u0648\u0627\u0628 \u0627\u0644\u0646\u0628\u064a\u0630 \u0627\u0644\u062d\u0631\u0627\u0631\u064a\u0629 \u0648\u063a\u064a\u0631\u0647\u0627. \u0648\u062a\u062a\u0623\u0644\u0642 \u0628\u0634\u0643\u0644 \u062e\u0627\u0635 \u0639\u0646\u062f \u062a\u0646\u0641\u064a\u0630 \u0637\u0628\u0627\u0639\u0629 \u0643\u0627\u0645\u0644\u0629 \u0627\u0644\u0627\u0644\u062a\u0641\u0627\u0641 \u0645\u0646 \u0627\u0644\u0623\u0639\u0644\u0649 \u0625\u0644\u0649 \u0627\u0644\u0623\u0633\u0641\u0644.<\/p>\n<p data-start=\"252\" data-end=\"399\" data-is-last-node=\"\" data-is-only-node=\"\">\u0643\u0645\u0627 \u0623\u0646 \u0627\u0644\u062a\u062f\u0631\u0651\u062c \u0627\u0644\u0644\u0648\u0646\u064a \u0627\u0644\u0633\u0644\u0633\u060c \u0645\u0639 \u0638\u0647\u0648\u0631 \u0644\u0645\u0639\u0629 \u0627\u0644\u0633\u062a\u0627\u0646\u0644\u0633 \u0633\u062a\u064a\u0644 \u0645\u0646 \u062e\u0644\u0627\u0644 \u0627\u0644\u062a\u0635\u0645\u064a\u0645\u060c \u064a\u0645\u0646\u062d \u062a\u0623\u062b\u064a\u0631\u0627\u064b \u0628\u0635\u0631\u064a\u0627\u064b \u0644\u0627\u0641\u062a\u0627\u064b \u064a\u0628\u0631\u0632 \u0627\u0644\u062e\u0644\u0641\u064a\u0629 \u0627\u0644\u0645\u0639\u062f\u0646\u064a\u0629 \u0648\u064a\u0639\u0632\u0632 \u0637\u0627\u0628\u0639 \u0627\u0644\u0633\u062a\u0627\u0646\u0644\u0633 \u0633\u062a\u064a\u0644.<\/p>\n<h2><strong><img loading=\"lazy\" decoding=\"async\" class=\"wp-image-49720 size-full alignnone\" title=\"Stainless Steel Tumbler Imprint by Helix ONE Cylinder Printer\" src=\"https:\/\/mtc.ae\/wp-content\/uploads\/2023\/07\/Helix-ONE-Stainless-Steel-Samples.jpg\" alt=\"Stainless Steel Tumbler Imprint by Helix ONE Cylinder Printer\" width=\"567\" height=\"300\" \/><\/strong><\/h2>\n<h2 data-start=\"0\" data-end=\"14\">\u0645\u0639\u0627\u062f\u0646 \u0645\u0637\u0644\u064a\u0629<\/h2>\n<p data-start=\"16\" data-end=\"206\">\u063a\u0627\u0644\u0628\u0627\u064b \u0645\u0627 \u062a\u064f\u0634\u0643\u0651\u0644 \u0627\u0644\u0637\u0628\u0627\u0639\u0629 \u0639\u0644\u0649 \u0627\u0644\u0645\u0639\u0627\u062f\u0646 \u0627\u0644\u0645\u0637\u0644\u064a\u0629 \u0628\u0627\u0644\u0628\u0648\u062f\u0631\u0629 \u062a\u062d\u062f\u064a\u0627\u064b \u0645\u0646 \u0646\u0627\u062d\u064a\u0629 <strong data-start=\"86\" data-end=\"102\">\u0627\u0644\u062a\u0635\u0627\u0642 \u0627\u0644\u062d\u0628\u0631<\/strong>. \u062a\u0645\u062a\u0644\u0643 \u0634\u0631\u0643\u0629 <strong data-start=\"115\" data-end=\"126\">Inkcups<\/strong> \u0637\u0628\u0642\u0629 \u0623\u0633\u0627\u0633 (Primer) \u0648\u062d\u0644\u0648\u0644 \u062d\u0628\u0631 \u0645\u064f\u0635\u0645\u0645\u0629 \u062e\u0635\u064a\u0635\u0627\u064b \u0644\u062a\u0639\u0632\u064a\u0632 \u0627\u0644\u0627\u0644\u062a\u0635\u0627\u0642 \u0648\u062a\u062d\u0633\u064a\u0646 \u062b\u0628\u0627\u062a \u0627\u0644\u0637\u0628\u0627\u0639\u0629.<\/p>\n<p data-start=\"208\" data-end=\"288\" data-is-last-node=\"\" data-is-only-node=\"\">\u062a\u0645\u062a \u0637\u0628\u0627\u0639\u0629 \u0632\u062c\u0627\u062c\u0629 \u0627\u0644\u0645\u0639\u062f\u0646 \u0627\u0644\u0645\u0637\u0628\u0648\u0639\u0629 \u062d\u0633\u0628 \u0627\u0644\u0637\u0644\u0628 \u0627\u0644\u0645\u0639\u0631\u0648\u0636\u0629 \u0647\u0646\u0627 \u0628\u0627\u0633\u062a\u062e\u062f\u0627\u0645 \u0637\u0627\u0628\u0639\u0629 <strong data-start=\"278\" data-end=\"287\">Helix<\/strong>.<\/p>\n<h2><strong><img loading=\"lazy\" decoding=\"async\" class=\"wp-image-49715 size-full alignnone\" title=\"Coated Metals Imprint by Helix ONE Cylinder Printer\" src=\"https:\/\/mtc.ae\/wp-content\/uploads\/2023\/07\/Applications-drinkware-5.jpg\" alt=\"Coated Metals Imprint by Helix ONE Cylinder Printer\" width=\"567\" height=\"360\" \/><\/strong><\/h2>\n<h2>\u0623\u062f\u0648\u0627\u062a \u0627\u0644\u0628\u0627\u0631<\/h2>\n<p>\u0642\u0645 \u0628\u0648\u0636\u0639 \u0639\u0644\u0627\u0645\u062a\u0643 \u0627\u0644\u062a\u062c\u0627\u0631\u064a\u0629 \u0639\u0644\u0649 \u0627\u0644\u0628\u0627\u0631\u0627\u062a \u0623\u0648 \u0627\u0644\u0645\u0637\u0627\u0639\u0645 \u0623\u0648 \u0645\u0635\u0627\u0646\u0639 \u0627\u0644\u062c\u0639\u0629. \u062a\u0645 \u062a\u0646\u0641\u064a\u0630 \u0637\u0628\u0627\u0639\u0629 \u0623\u062f\u0648\u0627\u062a \u0627\u0644\u0628\u0627\u0631 \u0627\u0644\u0645\u062e\u0635\u0635\u0629 \u0627\u0644\u0638\u0627\u0647\u0631\u0629 \u0647\u0646\u0627 \u0628\u0627\u0633\u062a\u062e\u062f\u0627\u0645 \u0645\u0627\u0643\u064a\u0646\u0629 \u0627\u0644\u0637\u0628\u0627\u0639\u0629 \u0628\u0627\u0644\u0648\u0633\u0627\u062f\u0629 <strong>ICN-2200<\/strong> \u062b\u0646\u0627\u0626\u064a\u0629 \u0627\u0644\u0644\u0648\u0646\u060c \u0645\u0639 \u0623\u062d\u0628\u0627\u0631 \u0627\u0644\u0637\u0628\u0627\u0639\u0629 \u0628\u0627\u0644\u0648\u0633\u0627\u062f\u0629 \u0645\u0646 \u0633\u0644\u0633\u0644\u0629 <strong>CG<\/strong> \u0627\u0644\u0645\u062e\u0635\u0635\u0629 \u0644\u0644\u0632\u062c\u0627\u062c \u0648\u0627\u0644\u0633\u064a\u0631\u0627\u0645\u064a\u0643. \u062a\u0648\u0641\u0631 \u0623\u062d\u0628\u0627\u0631 \u0633\u0644\u0633\u0644\u0629 <strong>CG<\/strong> \u0627\u0644\u062a\u0635\u0627\u0642\u0627\u064b \u0645\u0645\u062a\u0627\u0632\u0627\u064b \u0648\u0645\u0642\u0627\u0648\u0645\u0629 \u0639\u0627\u0644\u064a\u0629 \u0644\u0644\u063a\u0633\u0644 \u0641\u064a \u063a\u0633\u0627\u0644\u0629 \u0627\u0644\u0635\u062d\u0648\u0646.<\/p>\n<p>\u0643\u0645\u0627 \u064a\u0645\u0643\u0646 \u0623\u064a\u0636\u0627\u064b \u0637\u0628\u0627\u0639\u0629 \u0623\u062f\u0648\u0627\u062a \u0627\u0644\u0628\u0627\u0631 \u0631\u0642\u0645\u064a\u0627\u064b \u0628\u0627\u0633\u062a\u062e\u062f\u0627\u0645 <strong>Helix<\/strong> \u0644\u0644\u062d\u0635\u0648\u0644 \u0639\u0644\u0649 \u0635\u0648\u0631 \u0643\u0627\u0645\u0644\u0629 \u0627\u0644\u0623\u0644\u0648\u0627\u0646 \u0628\u0637\u0628\u0627\u0639\u0629 \u0631\u0642\u0645\u064a\u0629.<\/p>\n<h2><strong><img loading=\"lazy\" decoding=\"async\" class=\"wp-image-49716 size-full alignnone\" title=\"Barware Imprint by Helix ONE Cylinder Printer\" src=\"https:\/\/mtc.ae\/wp-content\/uploads\/2023\/07\/Applications-Drinkware-6.jpg\" alt=\"Barware Imprint by Helix ONE Cylinder Printer\" width=\"567\" height=\"360\" \/><\/strong><\/h2>\n","protected":false},"excerpt":{"rendered":"<p>\u0645\u0627\u0643\u064a\u0646\u0629 \u0637\u0628\u0627\u0639\u0629 \u0623\u0633\u0637\u0648\u0627\u0646\u064a\u0629 HELIX \u0648\u0622\u0644\u0629 \u0637\u0628\u0627\u0639\u0629 \u0631\u0642\u0645\u064a\u0629 \u0633\u0631\u064a\u0639\u0629 \u0644\u0644\u0623\u0633\u0637\u0648\u0627\u0646\u0627\u062a \u062a\u064f\u0639\u062f Helix ONE \u0645\u0627\u0643\u064a\u0646\u0629 \u0637\u0628\u0627\u0639\u0629 \u0631\u0642\u0645\u064a\u0629 \u0633\u0631\u064a\u0639\u0629 \u0644\u0644\u0623\u0633\u0637\u062d \u0627\u0644\u0623\u0633\u0637\u0648\u0627\u0646\u064a\u0629\u060c \u0648\u0645\u0646\u0627\u0633\u0628\u0629 \u0644\u0637\u0628\u0627\u0639\u0629<\/p>\n","protected":false},"featured_media":9781,"template":"","meta":[],"product_brand":[],"product_cat":[2721],"product_tag":[],"class_list":{"0":"post-28711","1":"product","2":"type-product","3":"status-publish","4":"has-post-thumbnail","6":"product_cat-2721","8":"first","9":"onbackorder","10":"shipping-taxable","11":"purchasable","12":"product-type-simple"},"_links":{"self":[{"href":"https:\/\/mtc.ae\/ar\/wp-json\/wp\/v2\/product\/28711","targetHints":{"allow":["GET"]}}],"collection":[{"href":"https:\/\/mtc.ae\/ar\/wp-json\/wp\/v2\/product"}],"about":[{"href":"https:\/\/mtc.ae\/ar\/wp-json\/wp\/v2\/types\/product"}],"wp:featuredmedia":[{"embeddable":true,"href":"https:\/\/mtc.ae\/ar\/wp-json\/wp\/v2\/media\/9781"}],"wp:attachment":[{"href":"https:\/\/mtc.ae\/ar\/wp-json\/wp\/v2\/media?parent=28711"}],"wp:term":[{"taxonomy":"product_brand","embeddable":true,"href":"https:\/\/mtc.ae\/ar\/wp-json\/wp\/v2\/product_brand?post=28711"},{"taxonomy":"product_cat","embeddable":true,"href":"https:\/\/mtc.ae\/ar\/wp-json\/wp\/v2\/product_cat?post=28711"},{"taxonomy":"product_tag","embeddable":true,"href":"https:\/\/mtc.ae\/ar\/wp-json\/wp\/v2\/product_tag?post=28711"}],"curies":[{"name":"wp","href":"https:\/\/api.w.org\/{rel}","templated":true}]}}